{"id":9,"date":"2014-01-20T09:49:03","date_gmt":"2014-01-20T09:49:03","guid":{"rendered":"http:\/\/sfj-productions.net\/?page_id=9"},"modified":"2025-01-22T12:20:17","modified_gmt":"2025-01-22T11:20:17","slug":"seite-3","status":"publish","type":"page","link":"http:\/\/sfj-productions.net\/?page_id=9","title":{"rendered":"Beschallung"},"content":{"rendered":"<p>f\u00fcr Konzerte mit h\u00f6chsten Anspr\u00fcchen mit einem netten Team, das wei\u00df, was es bedeutet, auf der B\u00fchne zu stehen und Musik zu machen. Gerne alles auf Englisch.<\/p>\n<p>Jazz, Folk, Blues, Rock, Songwriter, Acoustic Sets, E-Musik, Neue Musik, &#8230;.<br \/>\nwo der nat\u00fcrliche, akustische Klang der Instrumente im Vordergrund steht,<br \/>\nauch, wenn man am liebsten gar nicht h\u00f6ren m\u00f6chte, dass Verst\u00e4rkung da ist,<br \/>\nwo es aber ohne die Beschallung einfach zu leise oder zu diffus ist,<br \/>\n(f\u00fcr die, die nicht in der ersten Reihe sitzen)<br \/>\n&#8211; f\u00fcr Lesungen, Pr\u00e4sentationen, Pressekonferenzen<br \/>\n&#8211; f\u00fcr Seminare, Tagungen, Fachtagungen, Podiumsdiskussionen mit Pr\u00e4sentationstechnik,<br \/>\nVotingtechnik, etc., drahtgebundene Tischmikros, drahtlose UHF Hand\/Ansteckmikros,<br \/>\nHeadsets<\/p>\n<p>Wir senden Ihnen gerne ein Angebot zu &#8230;<\/p>\n","protected":false},"excerpt":{"rendered":"<p>f\u00fcr Konzerte mit h\u00f6chsten Anspr\u00fcchen mit einem netten Team, das wei\u00df, was es bedeutet, auf der B\u00fchne zu stehen und Musik zu machen. Gerne alles auf Englisch. Jazz, Folk, Blues, Rock, Songwriter, Acoustic Sets, E-Musik, Neue Musik, &#8230;. wo der &hellip; <a class=\"more-link\" href=\"http:\/\/sfj-productions.net\/?page_id=9\">Weiterlesen <span class=\"meta-nav\">&rarr;<\/span><\/a><\/p>\n","protected":false},"author":1,"featured_media":111,"parent":0,"menu_order":40,"comment_status":"closed","ping_status":"closed","template":"","meta":{"footnotes":""},"class_list":["post-9","page","type-page","status-publish","has-post-thumbnail","hentry"],"_links":{"self":[{"href":"http:\/\/sfj-productions.net\/index.php?rest_route=\/wp\/v2\/pages\/9","targetHints":{"allow":["GET"]}}],"collection":[{"href":"http:\/\/sfj-productions.net\/index.php?rest_route=\/wp\/v2\/pages"}],"about":[{"href":"http:\/\/sfj-productions.net\/index.php?rest_route=\/wp\/v2\/types\/page"}],"author":[{"embeddable":true,"href":"http:\/\/sfj-productions.net\/index.php?rest_route=\/wp\/v2\/users\/1"}],"replies":[{"embeddable":true,"href":"http:\/\/sfj-productions.net\/index.php?rest_route=%2Fwp%2Fv2%2Fcomments&post=9"}],"version-history":[{"count":26,"href":"http:\/\/sfj-productions.net\/index.php?rest_route=\/wp\/v2\/pages\/9\/revisions"}],"predecessor-version":[{"id":359,"href":"http:\/\/sfj-productions.net\/index.php?rest_route=\/wp\/v2\/pages\/9\/revisions\/359"}],"wp:featuredmedia":[{"embeddable":true,"href":"http:\/\/sfj-productions.net\/index.php?rest_route=\/wp\/v2\/media\/111"}],"wp:attachment":[{"href":"http:\/\/sfj-productions.net\/index.php?rest_route=%2Fwp%2Fv2%2Fmedia&parent=9"}],"curies":[{"name":"wp","href":"https:\/\/api.w.org\/{rel}","templated":true}]}}