{"id":57,"date":"2014-01-22T15:01:23","date_gmt":"2014-01-22T15:01:23","guid":{"rendered":"http:\/\/sfj-productions.net\/?page_id=57"},"modified":"2021-11-08T23:19:12","modified_gmt":"2021-11-08T22:19:12","slug":"referenzen","status":"publish","type":"page","link":"http:\/\/sfj-productions.net\/?page_id=57","title":{"rendered":"Referenzen (Ausz\u00fcge)"},"content":{"rendered":"<p><strong>Video Konzertmitschnitte\/Streaming (Bild und Ton)<\/strong><br \/>\n<strong>Sendesaal Bremen:\u00a0<\/strong>Omer Klein (solo), Markus Becker (solo), Marialy Pacheco,<br \/>\nVadim Neselovskyi, Marcin Masecki, Sharon Kam and Friends, Nils Wogram Quartett,<br \/>\nEnsemble New Babylon, Signum Quartett, musica assoluta Solisten, &#8230;<br \/>\nWolfert Brederode Trio (NL), Sheridan Ensemble, Grenzg\u00e4nger, Ola Onabul\u00e9 solo, Christian Kuhlmann\/Justin Taylor, Ola Onabule mit Band, Dieter Weische, Thorsten Encke &#8222;musica assoluta&#8220;, Iris Trio,<br \/>\nEurop\u00e4ischer Klavierwettbewerb Bremen 2021, BZI Fachtag 2021, uvm.<br \/>\n<strong>Glocke, kleiner Saal: <\/strong>Boreas Quartett<br \/>\n<strong>Glocke, gro\u00dfer Saal:<\/strong> Bremer Philhamoniker<br \/>\n<strong>Pier 2: <\/strong>Arnd Zeigler Live Show &#8222;Dahin, wo es weh tut&#8220;<br \/>\n<strong>Friedenskirche Humboldtstrasse:<\/strong> Elshan Ghasimi\/Bublitz<br \/>\n<strong>Milarepa Retreat Zentrum Schneverdingen: <\/strong>div. Veranstaltungen\/Streaming seit 2014<br \/>\n<strong>Globale Literatur Festival 2020\/21<\/strong> &#8211; Kulturwerkstatt Westend, Theater Bremen, gro\u00dfes Haus, Wallsaal der Stadtblibliothek Bremen, Angestelltenkammer Bremen, Gerhard Marcks Haus, Focke Museum<br \/>\n<strong>Kulturzentrum Schlachthof<\/strong> &#8211; Ensemble New Babylon<\/p>\n<p><strong>Videos <\/strong>f\u00fcr<br \/>\n&#8211; Warner Classics von Aufnahme Sessions:<br \/>\nElisabeth Leonskaja (Sendesaal Bremen),<br \/>\nVilde Frang und die Deutsche Kammerphilharmonie Bremen (GSO)<br \/>\n&#8211; RB2\/Jazzfest Berlin: Dancity (OnDemand Video)<\/p>\n<p><strong>H\u00f6rfunk:<\/strong> Radio Bremen (Bremedia Produktion), NDR, WDR, MDR, HR, SWR, DLF, DLR, Funkhaus Europa, O-Ton-Schnitt, H\u00f6rfunk Werbespots, Trailer, H\u00f6rfunk Features, Live Konferenzen\/Schalten<br \/>\nProduktion von Features und H\u00f6rb\u00fcchern, CD Produktionen, H\u00f6rspielen<br \/>\nz.B.: G\u00fcnter Grass &#8211; Der Butt (Steidl Verlag) &#8211; niederdeutsches H\u00f6rspiel &#8222;Australien&#8220;<br \/>\n<strong><br \/>\nFernsehen\/Video:<\/strong> Sprachaufnahmen und Tonmischungen f\u00fcr TV- und Image-Filme:<br \/>\nfact und film (3Sat, arte, ZDF, RBTV), dt. Tanzfilminstitut, Jan van Hasselt &#8222;Der weisse Elefant) u.a.<br \/>\ntech. Betreuung von <strong><a href=\"http:\/\/www1.wdr.de\/fernsehen\/information\/zeigler\/indexzeigler100.html\">&#8222;Zeiglers wunderbare Welt des Fu\u00dfballs&#8220;<\/a> <\/strong>im WDR Fernsehen seit 2007.<\/p>\n<p>Videofilme Produktion und Schnitt f\u00fcr <a href=\"http:\/\/www.sportschau.de\/fussball\/allgemein\/zeiglerbundesliga100.html\"><strong>sportschau.de<\/strong><\/a><br \/>\nmit Arnd Zeigler (50 Jahre Bundesliga, EM Blogs 2012)<\/p>\n<p><strong>Zuspielvideos f\u00fcr die Live-Shows<\/strong> von Arnd Zeigler, Schnitt, Nachvertonung mit Ger\u00e4uschen, Erstellung von Keynote Pr\u00e4sentationen f\u00fcr Live Auftritte (u.a. f\u00fcr &#8222;Dahin, wo es weh tut&#8220;)<\/p>\n<p><strong>Podcast<\/strong> &#8211; Nachbearbeitung und Schnitt\/Finishing\/Mastering &#8222;BALL YOU NEED IS LOVE&#8220; mit Arnd Zeigler f\u00fcr Gute Leude Fabrik \/ WDR, Video\/Audio Podcast f\u00fcr jazzahead! (Messe Bremen)<\/p>\n<p><strong>Konzertmitschnitte (Audio)<\/strong>, \u00dc-Wagen (siehe Seite &#8222;\u00dc-Wagen) oder transportabel:<br \/>\nRadio Bremen \/ Nordwestradio \/ Bremedia Produktion, div. Produktionshilfen f\u00fcr ARD Sender<br \/>\n(jazzahead, Breminale, MIB-Night Festival, Musikfest Bremen Konzerte uvm.)<br \/>\nSendesaal Bremen, Deutschlandradio Kultur, BR, arpeggio brioso,<br \/>\nBuchhandlung Storm (Lesekonzerte), IJMF im Rodachtal, Live Sendungen &#8230;<\/p>\n<p><strong>Recording \/ CD Produktion, <\/strong><strong>Production, Mix und Mastering<\/strong>:<br \/>\n(Diskographie auf Seite CD Produktion Mastering)<\/p>\n<p>&#8230; Tanglewood, Razorlove, Engine Alley, Andy White, Robert McKenzie, New Season, Dox, Hilde Kappes, Halifax, 10. Bremer Chorfestival, Luke JAYwalker, Ernie Whalley, Ian Campbell,\u00a0 John Hurley, John Kavanagh, Boston Early Music Festival, CPO, Magdalena M\u00fcllerperth, Gabriele Hasler, Reinhard Schimmelpfeng, Dieter Weische, Armin Kolarcyk, Underwater Big Band, Daisy Chapman, The Epstein, Ensemble Denada, Sabrina Ascasibar,<br \/>\nThe AUSTRALIAN Voices, ungez\u00e4hlte Weihnachts CDs in Gemeinden der weiteren Umgebung,<br \/>\nAudioguides f\u00fcr das \u00dcbersee-Museum Bremen, Gedichte CD Brigitte R\u00f6ttgers,<br \/>\nPodcasts f\u00fcr APOLLON Hochschule f\u00fcr Gesundheit, div. Sprecher CDs<br \/>\nSaltarello und NOVA Konzertmitschnitte des Sendesaal Bremen<\/p>\n<p><strong>H\u00f6rb\u00fccher (Beispiele):<\/strong><br \/>\nHeinrich Hannover &#8211; Dat Pierd Huppdiwupp (Jumbo)<br \/>\nBea Engelmann &#8211; Mut (Beltz)<br \/>\nBea Engelmann &#8211; Das Gl\u00fcckspuzzle (Beltz)<\/p>\n<p><strong> Beschallungen (Beispiele):<\/strong><br \/>\nRadio Bremen \/ Nordwestradio (Bremedia Produktion), Sendesaal Bremen,<br \/>\nLuka Bloom (96-97 div. internat. Festivals, AUS u. NZ tour 96) Razorlove, Engine Alley,<br \/>\ndiv. im Sendesaal f\u00fcr RB4 und NWR, RB1 Hafenkonzert, H\u00f6rkino im swb Kundencenter,<br \/>\nDIAKO Bremen, Culture Boat II und III, Dead Poets Society, Globale Literatur Festival,<br \/>\nInstitut Francais, u.v.a.<br \/>\nMusica Viva &#8211; Operetten Highlights Open Air (Lilienthal 2017, 2019)<\/p>\n<p><strong>Audio und Media Consulting<\/strong>:<br \/>\nG\u00fcnter Grass Archiv,<br \/>\nHochschule Bremen<\/p>\n","protected":false},"excerpt":{"rendered":"<p>Video Konzertmitschnitte\/Streaming (Bild und Ton) Sendesaal Bremen:\u00a0Omer Klein (solo), Markus Becker (solo), Marialy Pacheco, Vadim Neselovskyi, Marcin Masecki, Sharon Kam and Friends, Nils Wogram Quartett, Ensemble New Babylon, Signum Quartett, musica assoluta Solisten, &#8230; Wolfert Brederode Trio (NL), Sheridan Ensemble, &hellip; <a class=\"more-link\" href=\"http:\/\/sfj-productions.net\/?page_id=57\">Weiterlesen <span class=\"meta-nav\">&rarr;<\/span><\/a><\/p>\n","protected":false},"author":1,"featured_media":0,"parent":0,"menu_order":110,"comment_status":"closed","ping_status":"closed","template":"","meta":{"footnotes":""},"class_list":["post-57","page","type-page","status-publish","hentry"],"_links":{"self":[{"href":"http:\/\/sfj-productions.net\/index.php?rest_route=\/wp\/v2\/pages\/57","targetHints":{"allow":["GET"]}}],"collection":[{"href":"http:\/\/sfj-productions.net\/index.php?rest_route=\/wp\/v2\/pages"}],"about":[{"href":"http:\/\/sfj-productions.net\/index.php?rest_route=\/wp\/v2\/types\/page"}],"author":[{"embeddable":true,"href":"http:\/\/sfj-productions.net\/index.php?rest_route=\/wp\/v2\/users\/1"}],"replies":[{"embeddable":true,"href":"http:\/\/sfj-productions.net\/index.php?rest_route=%2Fwp%2Fv2%2Fcomments&post=57"}],"version-history":[{"count":33,"href":"http:\/\/sfj-productions.net\/index.php?rest_route=\/wp\/v2\/pages\/57\/revisions"}],"predecessor-version":[{"id":352,"href":"http:\/\/sfj-productions.net\/index.php?rest_route=\/wp\/v2\/pages\/57\/revisions\/352"}],"wp:attachment":[{"href":"http:\/\/sfj-productions.net\/index.php?rest_route=%2Fwp%2Fv2%2Fmedia&parent=57"}],"curies":[{"name":"wp","href":"https:\/\/api.w.org\/{rel}","templated":true}]}}