{"id":250,"date":"2018-11-23T17:32:15","date_gmt":"2018-11-23T16:32:15","guid":{"rendered":"http:\/\/sfj-productions.net\/?page_id=250"},"modified":"2025-01-22T11:59:40","modified_gmt":"2025-01-22T10:59:40","slug":"video","status":"publish","type":"page","link":"http:\/\/sfj-productions.net\/?page_id=250","title":{"rendered":"Video \/ Streaming"},"content":{"rendered":"<p>Professionell, Bild und Ton, Fahrzeuge und ein kompetentes, erfahrenes und nettes Team f\u00fcr Konzertvideos, Lesungen, Interviews, etc. in effizienter Umsetzung. Lange Jahre Erfahrung in Rundfunk, TV und Musikproduktion.<\/p>\n<p>Konzerte aus dem Sendesaal Bremen, Konzerthaus Die Glocke Bremen, Kulturzentrum Schlachthof, Live Video Podcasts\/Sessions aus Studio P30, Lesungen der Globale Literatur Festival aus dem Theater Bremen, Kulturwerkstatt Westend, Wallsaal der Stadtbibliothek.<\/p>\n<p>Einige der letzten Projekte\/Sendungen:<br \/>&#8211; Bremer Philharmoniker (Glocke): Beethoven (8. Sinfonie), Kurt Weill (2. Sinfonie), Satie, Tristano, Kod\u00e1ly, Bartok&#8230;<br \/>&#8211; Sendesaal Bremen: div. Livestreamkonzerte, Europ\u00e4ischer Klavierwettbewerb Bremen, Ensemble New Babylon, musica assoluta, Signum Quartett, Tetzlaff\/Vogt Trio, Schubertabend (Julian Pr\u00e9gardien), uvm.<\/p>\n<p>&#8211; Video Footage f\u00fcr Warner Classics (E. Leonskaja, V. Frang und Deutsche Kammerphilharmonie Bremen)<br \/>\u00a0\u00a0 Frielinghaus Ensemble, Amaryllis Quartett, Joolaee, Ola Onabul\u00e9, BZI, BRI, &#8230;<\/p>\n<p>&#8211; Podiumsdiskussion mit Live-Zuschaltung im Haus der Wissenschaften, Institut Francais, &#8230;<\/p>\n<p>Wir arbeiten u.a. mit hochwertigen PTZ (fernsteuerbaren) Kameras, wie sie auch in der Elbphilharmonie und im Sendesaal Bremen eingesetzt werden. Dadurch ist es nicht n\u00f6tig mit im Veranstaltungsraum zu sitzen und selbst mitten in Orchestern oder Ensembles erlauben diese lautlosen Kameras unz\u00e4hlige verschiedene Einstellungen ohne zu st\u00f6ren. Die ideale Position unserer mobilen Regie ist in einem Nebenraum oder einem unserer Fahrzeuge, sofern daf\u00fcr ein Stellplatz verf\u00fcgbar ist.<\/p>\n<p>Es k\u00f6nnen alle m\u00f6glichen Situationen abgedeckt werden, so k\u00f6nnen wir selbst Lichttechnik und Beschallungsanlage mitbringen und bedienen, so das ein Paket daraus werden kann.<\/p>\n\n\n<p><\/p>\n","protected":false},"excerpt":{"rendered":"<p>Professionell, Bild und Ton, Fahrzeuge und ein kompetentes, erfahrenes und nettes Team f\u00fcr Konzertvideos, Lesungen, Interviews, etc. in effizienter Umsetzung. Lange Jahre Erfahrung in Rundfunk, TV und Musikproduktion. Konzerte aus dem Sendesaal Bremen, Konzerthaus Die Glocke Bremen, Kulturzentrum Schlachthof, Live &hellip; <a class=\"more-link\" href=\"http:\/\/sfj-productions.net\/?page_id=250\">Weiterlesen <span class=\"meta-nav\">&rarr;<\/span><\/a><\/p>\n","protected":false},"author":1,"featured_media":0,"parent":0,"menu_order":0,"comment_status":"closed","ping_status":"closed","template":"","meta":{"footnotes":""},"class_list":["post-250","page","type-page","status-publish","hentry"],"_links":{"self":[{"href":"http:\/\/sfj-productions.net\/index.php?rest_route=\/wp\/v2\/pages\/250","targetHints":{"allow":["GET"]}}],"collection":[{"href":"http:\/\/sfj-productions.net\/index.php?rest_route=\/wp\/v2\/pages"}],"about":[{"href":"http:\/\/sfj-productions.net\/index.php?rest_route=\/wp\/v2\/types\/page"}],"author":[{"embeddable":true,"href":"http:\/\/sfj-productions.net\/index.php?rest_route=\/wp\/v2\/users\/1"}],"replies":[{"embeddable":true,"href":"http:\/\/sfj-productions.net\/index.php?rest_route=%2Fwp%2Fv2%2Fcomments&post=250"}],"version-history":[{"count":16,"href":"http:\/\/sfj-productions.net\/index.php?rest_route=\/wp\/v2\/pages\/250\/revisions"}],"predecessor-version":[{"id":355,"href":"http:\/\/sfj-productions.net\/index.php?rest_route=\/wp\/v2\/pages\/250\/revisions\/355"}],"wp:attachment":[{"href":"http:\/\/sfj-productions.net\/index.php?rest_route=%2Fwp%2Fv2%2Fmedia&parent=250"}],"curies":[{"name":"wp","href":"https:\/\/api.w.org\/{rel}","templated":true}]}}