{"id":15,"date":"2014-01-20T09:49:33","date_gmt":"2014-01-20T09:49:33","guid":{"rendered":"http:\/\/sfj-productions.net\/?page_id=15"},"modified":"2020-11-04T19:28:15","modified_gmt":"2020-11-04T18:28:15","slug":"seite-6","status":"publish","type":"page","link":"http:\/\/sfj-productions.net\/?page_id=15","title":{"rendered":"Profil"},"content":{"rendered":"<p>1984 begeisterter Freizeitmusiker, E-Gitarre \u00fcber&#8217;s R\u00f6hrenradio<\/p>\n<p>1986 Beginn Songwriting, Homerecording und MIDI, Produzieren, Arrangieren<\/p>\n<p>1991 SRT N\u00fcrnberg T96 Ausbildung zum Tontechniker (ARD)<\/p>\n<p>1992-96 festangestellter Tontechniker bei Radio Bremen H\u00f6rfunk<\/p>\n<p>1995-96 STC College Dublin<br \/>\n&#8211; Audio Engineer nach City &amp; Guilds London (distinction)<\/p>\n<p>1996-97 div. T\u00e4tigkeiten in Dublin<br \/>\n(Sun Studios, Digital Pigeon (Windmill Mastering)<br \/>\nsowie international (Luka Bloom),<br \/>\nsfj-productions gegr\u00fcndet &#8211; Festanstellung bei RB aufgegeben<\/p>\n<p>seit 1997 freier Techniker f\u00fcr RB (\u00dc &#8211; Dienst und Beschallung),<br \/>\nNDR (Hannover), BR, MDR, WDR, DLR, HR, SWR, SR, etc.<\/p>\n<p>2000 Gr\u00fcndung der vierten eigenen Band Luke JAYwalker<\/p>\n<p>2005 Fertigstellung des ersten eigenen \u00dc-Wagens (Blue Mobile)<\/p>\n<p>2007 Seit August technisch verantwortlich f\u00fcr die WDR Live Sendung<br \/>\n<strong>&#8222;<a title=\"Zeiglers wunderbare Welt des Fu\u00dfballs - WDR\" href=\"http:\/\/www.wdr.de\/tv\/sport_zeigler\/\" target=\"_blank\" rel=\"noopener noreferrer\">Zeiglers wunderbare Welt des Fu\u00dfballs<\/a>&#8222;<\/strong> im WDR Fernsehen<\/p>\n<p>2009 freier Produktions Ingenieur f\u00fcr Radio Bremen (Bremedia Produktion)<br \/>\nLivemitschnitte, Sendungen und CD-Produktionen im Bereich E-Musik und Jazz,<br \/>\n\u00dc-Wagen und Sendesaal<\/p>\n<p>2009\u00a0 House Engineer im <strong><a title=\"Sendesaal Bremen\" href=\"http:\/\/www.sendesaal-bremen.de\" target=\"_blank\" rel=\"noopener noreferrer\">Sendesaal Bremen<\/a><\/strong>,<br \/>\nBetrieb und Wartung des zum Sendesaal geh\u00f6rendenStudios P50\/55,<br \/>\ndes SSL5000 Pultes (bis 2015) und der dazugeh\u00f6rigen Peripherie. Konzeption und Umsetzung der Videotechnik zum professionellen Streaming als fest integrierter Bestandteil der Regie und Nebenr\u00e4umen.<\/p>\n<p>Ende 2009 Anmietung des <strong><a title=\"Studio P30\" href=\"http:\/\/sfj-productions.net\/?page_id=11\" target=\"_blank\" rel=\"noopener noreferrer\">Studio P30<\/a><\/strong> im ehemaligen Radio Bremen Funkhaus<br \/>\nan der Bgm-Spitta-Allee, Instandsetzung und Inbetriebnahme, Vermietung und<br \/>\nProduktion<\/p>\n<p>2010 Fertigstellung des neuen eigenen<strong> <a title=\"\u00dc-Wagen\" href=\"http:\/\/sfj-productions.net\/?page_id=13\" target=\"_blank\" rel=\"noopener noreferrer\">\u00dc-Wagen<\/a><\/strong>s mit festem Digitalpult, AES, MADI,<br \/>\nKlima. Aufnahmen und Live \u00dcbertragungen in und aus diversen Kirchen, Gemeinden<br \/>\nund Venues wie Moments, CCB, Schlachthof, Kito, Waldb\u00fchne, Glocke, etc.<\/p>\n<p>2012 Anschaffung Videoschnittplatz mit Interface f\u00fcr Zeigler Blogs auf <strong><a title=\"50 Jahre Bundesliga - Zeigler Videos\" href=\"http:\/\/www.sportschau.de\/fussball\/allgemein\/zeiglerbundesliga100.html\" target=\"_blank\" rel=\"noopener noreferrer\">sportschau.de<\/a><\/strong><br \/>\nund Zeigler Blog Videos zur EM2012<\/p>\n<p>2016 Anschaffung diverser Kameras, Konzertmitschnitte u.a. nun auch mit Video,<br \/>\nRealisation von komplexen Veranstaltungen mit Aufnahme, Beschallung, Video-Dokumentation<br \/>\nund Online Video-Streaming gleichzeitig<\/p>\n<p>2018 Anschaffung ds &#8222;Bullis&#8220; als Betriebsfahrzeug u.a. als Streaming-Regie und als Erg\u00e4nzung\/Support zum \u00dc-Wagen.<\/p>\n<p>2019 Umfangreiche Investitionen in Video und Lichttechnik<\/p>\n","protected":false},"excerpt":{"rendered":"<p>1984 begeisterter Freizeitmusiker, E-Gitarre \u00fcber&#8217;s R\u00f6hrenradio 1986 Beginn Songwriting, Homerecording und MIDI, Produzieren, Arrangieren 1991 SRT N\u00fcrnberg T96 Ausbildung zum Tontechniker (ARD) 1992-96 festangestellter Tontechniker bei Radio Bremen H\u00f6rfunk 1995-96 STC College Dublin &#8211; Audio Engineer nach City &amp; Guilds &hellip; <a class=\"more-link\" href=\"http:\/\/sfj-productions.net\/?page_id=15\">Weiterlesen <span class=\"meta-nav\">&rarr;<\/span><\/a><\/p>\n","protected":false},"author":1,"featured_media":0,"parent":0,"menu_order":120,"comment_status":"closed","ping_status":"closed","template":"","meta":{"footnotes":""},"class_list":["post-15","page","type-page","status-publish","hentry"],"_links":{"self":[{"href":"http:\/\/sfj-productions.net\/index.php?rest_route=\/wp\/v2\/pages\/15","targetHints":{"allow":["GET"]}}],"collection":[{"href":"http:\/\/sfj-productions.net\/index.php?rest_route=\/wp\/v2\/pages"}],"about":[{"href":"http:\/\/sfj-productions.net\/index.php?rest_route=\/wp\/v2\/types\/page"}],"author":[{"embeddable":true,"href":"http:\/\/sfj-productions.net\/index.php?rest_route=\/wp\/v2\/users\/1"}],"replies":[{"embeddable":true,"href":"http:\/\/sfj-productions.net\/index.php?rest_route=%2Fwp%2Fv2%2Fcomments&post=15"}],"version-history":[{"count":14,"href":"http:\/\/sfj-productions.net\/index.php?rest_route=\/wp\/v2\/pages\/15\/revisions"}],"predecessor-version":[{"id":329,"href":"http:\/\/sfj-productions.net\/index.php?rest_route=\/wp\/v2\/pages\/15\/revisions\/329"}],"wp:attachment":[{"href":"http:\/\/sfj-productions.net\/index.php?rest_route=%2Fwp%2Fv2%2Fmedia&parent=15"}],"curies":[{"name":"wp","href":"https:\/\/api.w.org\/{rel}","templated":true}]}}