{"id":13,"date":"2014-01-20T09:49:24","date_gmt":"2014-01-20T09:49:24","guid":{"rendered":"http:\/\/sfj-productions.net\/?page_id=13"},"modified":"2025-01-22T12:03:42","modified_gmt":"2025-01-22T11:03:42","slug":"seite-5","status":"publish","type":"page","link":"http:\/\/sfj-productions.net\/?page_id=13","title":{"rendered":"\u00dc-Wagen"},"content":{"rendered":"<p><strong>Highlights:<br \/>\njazzahead (seit 2008) Borgwardsaal, Halle 7.1, 7.2, Schlachthof, Glocke,<br \/>\nMusikfest Bremen seit 2010, Er\u00f6ffnungskonzert Live\u00fcbertragungen aus der Kirche<br \/>\n&#8222;Unser Lieben Frauen&#8220;, Hotel Grand Atlantic, B\u00fchne Lamdgericht&#8230;<br \/>\nNordwestradio\/Bremen zwei Konzertmitschnitte im Moments, Kito, Rathaus Stuhr, K.i.o.t.o. (Lagerhaus), Schwankhalle (MIB Festival 2010-2019&#8230;)<br \/>\nMitschnitte der Marktplatzb\u00fchne am Tag der deutschen Einheit 2010,<br \/>\nBreminale seit 2012 (RB4 Konzerte), Women in Emotion (seit 2010)<br \/>\nAktuell Einsatz vom &#8222;Zoo am Meer&#8220; in Bremerhaven, Gottesdienste,<br \/>\nOldenburger Kultursommer Schlossplatzb\u00fchne, Bremer St. Petri Dom, St. Stephani, uvm.<\/strong><strong>\u2026<\/strong><\/p>\n<p><strong>Der \u00dc-Wagen<\/strong> bietet basierend auf einer autarken Stromversorgung<br \/>\n<strong>128 Multicore und Eingangskan\u00e4le<\/strong>, Allen &amp; Heath DM0 und C3500 mit Prime PreAmps, TC-Finalizer 96K,<br \/>\nRME MADI-Bridge, \u00fcber Appsys Multiverter auch Verwertung von DANTE, ADAT, AES 67 oder AES 50 Formate.<\/p>\n<p>Doppelter Mehrspur-Mitschnitt, Stereo-Sicherheitsmitschnitt auf SD-card\/USB Drive<br \/>\nmit Denon 700-R., D.O.T. Matchbox, CD Player, FM u. DAB Empf\u00e4nger,<br \/>\nFritzBox LTE-Router,\u00a0 AVT TH2plus RM Telefonhybrid,<br \/>\nProntonet AoIP Codec, Config PC, etc&#8230;<\/p>\n<p>Abh\u00f6re ist K&amp;H O98 und K&amp;H Mini Monitor, RTW Metering,<br \/>\nLexicon PCM96 surr., , B\u00fchnenkamera und Verteilung, Kdo-Lautsprecher<br \/>\nf\u00fcr Talkback, Rotlicht, Audiosplitt analog (oder per Multiverter), \u2026<\/p>\n<p>div. Hochstative, z.B. f\u00fcr Orgelaufnahmen, u.\u00e4.<br \/>\nSummensplitt f\u00fcr Video, Fernseh-\u00dc-Wagen u.v.m.<\/p>\n<p>Klimaanlage<\/p>\n<p>Mikrofone (insgesamt \u00fcber 80): Neumann TLM 170, U98, USM69, M149,<br \/>\nKM130\/140\/145\/150, KM184\/185, KMS140,105, Schoeps MK21, DPA 4099,<br \/>\nSennheiser MD421, MD441, MD21, MD604, AKG 414TLII, Microtech Gefell,<br \/>\nAudix SCX25, E-Voice RE20, Shure KSM9, Beta52, SM58,57, VP88&#8230;<br \/>\nShure QLXD Handsender und Taschensender, Countryman Nackenb\u00fcgel<\/p>\n","protected":false},"excerpt":{"rendered":"<p>Highlights: jazzahead (seit 2008) Borgwardsaal, Halle 7.1, 7.2, Schlachthof, Glocke, Musikfest Bremen seit 2010, Er\u00f6ffnungskonzert Live\u00fcbertragungen aus der Kirche &#8222;Unser Lieben Frauen&#8220;, Hotel Grand Atlantic, B\u00fchne Lamdgericht&#8230; Nordwestradio\/Bremen zwei Konzertmitschnitte im Moments, Kito, Rathaus Stuhr, K.i.o.t.o. (Lagerhaus), Schwankhalle (MIB Festival &hellip; <a class=\"more-link\" href=\"http:\/\/sfj-productions.net\/?page_id=13\">Weiterlesen <span class=\"meta-nav\">&rarr;<\/span><\/a><\/p>\n","protected":false},"author":1,"featured_media":0,"parent":0,"menu_order":60,"comment_status":"closed","ping_status":"closed","template":"","meta":{"footnotes":""},"class_list":["post-13","page","type-page","status-publish","hentry"],"_links":{"self":[{"href":"http:\/\/sfj-productions.net\/index.php?rest_route=\/wp\/v2\/pages\/13","targetHints":{"allow":["GET"]}}],"collection":[{"href":"http:\/\/sfj-productions.net\/index.php?rest_route=\/wp\/v2\/pages"}],"about":[{"href":"http:\/\/sfj-productions.net\/index.php?rest_route=\/wp\/v2\/types\/page"}],"author":[{"embeddable":true,"href":"http:\/\/sfj-productions.net\/index.php?rest_route=\/wp\/v2\/users\/1"}],"replies":[{"embeddable":true,"href":"http:\/\/sfj-productions.net\/index.php?rest_route=%2Fwp%2Fv2%2Fcomments&post=13"}],"version-history":[{"count":34,"href":"http:\/\/sfj-productions.net\/index.php?rest_route=\/wp\/v2\/pages\/13\/revisions"}],"predecessor-version":[{"id":356,"href":"http:\/\/sfj-productions.net\/index.php?rest_route=\/wp\/v2\/pages\/13\/revisions\/356"}],"wp:attachment":[{"href":"http:\/\/sfj-productions.net\/index.php?rest_route=%2Fwp%2Fv2%2Fmedia&parent=13"}],"curies":[{"name":"wp","href":"https:\/\/api.w.org\/{rel}","templated":true}]}}