{"id":11,"date":"2014-01-20T09:49:13","date_gmt":"2014-01-20T09:49:13","guid":{"rendered":"http:\/\/sfj-productions.net\/?page_id=11"},"modified":"2020-11-04T19:02:43","modified_gmt":"2020-11-04T18:02:43","slug":"seite-4","status":"publish","type":"page","link":"http:\/\/sfj-productions.net\/?page_id=11","title":{"rendered":"Studio P30"},"content":{"rendered":"<p>Beste R\u00e4umlichkeiten, angenehmes Raumklima und Athmosph\u00e4re und die gelungene Kombination aus bester Analog und Digitaltechnik erm\u00f6glicht kreatives und entspanntes Arbeiten.<\/p>\n<ul>\n<li>Audio Recording \/ Podcast \/ Mastering \/ Editing \/ Restoration<\/li>\n<li>Video Podcast \/ Post Production \/ Rendering<\/li>\n<li>Radio Feature, H\u00f6rspiel, H\u00f6rspielmusik<\/li>\n<li>CD\/Musikproduktion<\/li>\n<\/ul>\n<p>Das Studio P30 ist ca. 1992 fertiggestellt worden,<br \/>\nals H\u00f6rfunk Produktions \/ Feature Studio von Radio Bremen,<br \/>\ndas 2007 das alte Haus an der B\u00fcrgermeister-Spitta-Allee 45 verlie\u00df und an die Schlachte zog.<\/p>\n<p><a href=\"http:\/\/sfj-productions.net\/wp-content\/uploads\/2014\/01\/P30conole.jpg\"><img loading=\"lazy\" decoding=\"async\" class=\"alignnone size-thumbnail wp-image-134\" src=\"http:\/\/sfj-productions.net\/wp-content\/uploads\/2014\/01\/P30conole-150x150.jpg\" alt=\"P30conole\" width=\"150\" height=\"150\" \/><\/a><a href=\"http:\/\/sfj-productions.net\/wp-content\/uploads\/2014\/01\/P31Tisch.jpg\"><img loading=\"lazy\" decoding=\"async\" class=\"alignnone size-thumbnail wp-image-137\" src=\"http:\/\/sfj-productions.net\/wp-content\/uploads\/2014\/01\/P31Tisch-150x150.jpg\" alt=\"P31Tisch\" width=\"150\" height=\"150\" \/><\/a><br \/>\nEs geh\u00f6rt zum Nordfl\u00fcgel Produktionskomplex, zu dem auch die Sendesaalregie P50,<br \/>\nder Schnittraum P40 und das alte H\u00f6rspielstudio P20 (heute yotone-studio)z\u00e4hlen.<br \/>\nVon P20 und P30 gibt es Zugang zum Halltot-Raum, der neben der H\u00f6rspieltreppenanlage<br \/>\nebenfalls erhalten geblieben ist.<\/p>\n<p>Die Regie P30 und das Studio (P31) sind klimatisiert, so das erm\u00fcdungsfreies<br \/>\narbeiten auch \u00fcber lange Zeitr\u00e4ume m\u00f6glich ist. Gebaut in &#8222;Raum in Raum&#8220; Technik<br \/>\nist das Studio nebenger\u00e4uschfrei und baulich vom Feinsten. R\u00e4ume wie diese werden<br \/>\nleider fast nicht mehr gebaut, damals mu\u00dften noch die anspruchsvollen ARD-Pflichtenhefte<br \/>\nbefolgt werden inklusive der Pr\u00fcfung durch das IRT (Institut f\u00fcr Rundfunktechnik)<\/p>\n<p>Technische Ausstattung:<\/p>\n<p>&#8211; analoge LAWO-Konsole mit Danner Kassettentechnik<br \/>\n&#8211; 20 Wege EMT Analogpult (PreAmp und Summierung)<br \/>\n&#8211; RME Fireface800, ADI8-QS, MADI Karte, Rosendahl Studioclock HD<br \/>\n&#8211; Prontonet IP\/ISDN Codec, Lucie Studio<br \/>\n&#8211; 2 PCs (Sequoia, Samplitude Pro Suite, Ableton LIVE, LogicPro)<br \/>\n&#8211; Studer duales Telefonhybrid<br \/>\n&#8211; 2 Studer A730 CD-Player<br \/>\n&#8211; 2 EMT 948 Plattenspieler<br \/>\n&#8211; 2 Studer 1\/4&#8243; Bandmaschinen<br \/>\n&#8211; Studer Cassetten Decks<br \/>\n&#8211; Tascam DA60\u00a0 DAT Recorder<br \/>\n&#8211; UREI LA-22, Klark DN 504, DN500, DN514, SPL Charisma, Orban De-Esser&#8230;)<br \/>\n&#8211; Lexicon Hall<br \/>\n&#8211; Plug-Ins: Izotope Ozone5 adv., RX adv., Alloy, Lexicon Total Bundle, Waves NPP<br \/>\n&#8211; Abh\u00f6ren: K&amp;H O96, O98, ATC SCM25-A pro<\/p>\n<p>&#8211; Videoschnitt mit Final Cut Pro X<br \/>\n&#8211; komplette Videoausstattung, wie wir sie auch f\u00fcr unsere Streams verwenden, inkl. Licht, etc.<\/p>\n","protected":false},"excerpt":{"rendered":"<p>Beste R\u00e4umlichkeiten, angenehmes Raumklima und Athmosph\u00e4re und die gelungene Kombination aus bester Analog und Digitaltechnik erm\u00f6glicht kreatives und entspanntes Arbeiten. Audio Recording \/ Podcast \/ Mastering \/ Editing \/ Restoration Video Podcast \/ Post Production \/ Rendering Radio Feature, H\u00f6rspiel, &hellip; <a class=\"more-link\" href=\"http:\/\/sfj-productions.net\/?page_id=11\">Weiterlesen <span class=\"meta-nav\">&rarr;<\/span><\/a><\/p>\n","protected":false},"author":1,"featured_media":131,"parent":0,"menu_order":50,"comment_status":"closed","ping_status":"closed","template":"","meta":{"footnotes":""},"class_list":["post-11","page","type-page","status-publish","has-post-thumbnail","hentry"],"_links":{"self":[{"href":"http:\/\/sfj-productions.net\/index.php?rest_route=\/wp\/v2\/pages\/11","targetHints":{"allow":["GET"]}}],"collection":[{"href":"http:\/\/sfj-productions.net\/index.php?rest_route=\/wp\/v2\/pages"}],"about":[{"href":"http:\/\/sfj-productions.net\/index.php?rest_route=\/wp\/v2\/types\/page"}],"author":[{"embeddable":true,"href":"http:\/\/sfj-productions.net\/index.php?rest_route=\/wp\/v2\/users\/1"}],"replies":[{"embeddable":true,"href":"http:\/\/sfj-productions.net\/index.php?rest_route=%2Fwp%2Fv2%2Fcomments&post=11"}],"version-history":[{"count":27,"href":"http:\/\/sfj-productions.net\/index.php?rest_route=\/wp\/v2\/pages\/11\/revisions"}],"predecessor-version":[{"id":312,"href":"http:\/\/sfj-productions.net\/index.php?rest_route=\/wp\/v2\/pages\/11\/revisions\/312"}],"wp:featuredmedia":[{"embeddable":true,"href":"http:\/\/sfj-productions.net\/index.php?rest_route=\/wp\/v2\/media\/131"}],"wp:attachment":[{"href":"http:\/\/sfj-productions.net\/index.php?rest_route=%2Fwp%2Fv2%2Fmedia&parent=11"}],"curies":[{"name":"wp","href":"https:\/\/api.w.org\/{rel}","templated":true}]}}